{"id":114,"date":"2010-05-23T20:34:55","date_gmt":"2010-05-23T20:34:55","guid":{"rendered":"\/?page_id=114"},"modified":"2026-02-14T19:01:50","modified_gmt":"2026-02-14T19:01:50","slug":"intresseanmalan","status":"publish","type":"page","link":"https:\/\/sodrastockholm.barnensgymnastikskola.se\/en\/kurser-for-barn\/intresseanmalan","title":{"rendered":"Signup"},"content":{"rendered":"<div data-elementor-type=\"wp-page\" data-elementor-id=\"114\" class=\"elementor elementor-114\" data-elementor-settings=\"{&quot;element_pack_global_tooltip_width&quot;:{&quot;unit&quot;:&quot;px&quot;,&quot;size&quot;:&quot;&quot;,&quot;sizes&quot;:[]},&quot;element_pack_global_tooltip_width_tablet&quot;:{&quot;unit&quot;:&quot;px&quot;,&quot;size&quot;:&quot;&quot;,&quot;sizes&quot;:[]},&quot;element_pack_global_tooltip_width_mobile&quot;:{&quot;unit&quot;:&quot;px&quot;,&quot;size&quot;:&quot;&quot;,&quot;sizes&quot;:[]},&quot;element_pack_global_tooltip_padding&quot;:{&quot;unit&quot;:&quot;px&quot;,&quot;top&quot;:&quot;&quot;,&quot;right&quot;:&quot;&quot;,&quot;bottom&quot;:&quot;&quot;,&quot;left&quot;:&quot;&quot;,&quot;isLinked&quot;:true},&quot;element_pack_global_tooltip_padding_tablet&quot;:{&quot;unit&quot;:&quot;px&quot;,&quot;top&quot;:&quot;&quot;,&quot;right&quot;:&quot;&quot;,&quot;bottom&quot;:&quot;&quot;,&quot;left&quot;:&quot;&quot;,&quot;isLinked&quot;:true},&quot;element_pack_global_tooltip_padding_mobile&quot;:{&quot;unit&quot;:&quot;px&quot;,&quot;top&quot;:&quot;&quot;,&quot;right&quot;:&quot;&quot;,&quot;bottom&quot;:&quot;&quot;,&quot;left&quot;:&quot;&quot;,&quot;isLinked&quot;:true},&quot;element_pack_global_tooltip_border_radius&quot;:{&quot;unit&quot;:&quot;px&quot;,&quot;top&quot;:&quot;&quot;,&quot;right&quot;:&quot;&quot;,&quot;bottom&quot;:&quot;&quot;,&quot;left&quot;:&quot;&quot;,&quot;isLinked&quot;:true},&quot;element_pack_global_tooltip_border_radius_tablet&quot;:{&quot;unit&quot;:&quot;px&quot;,&quot;top&quot;:&quot;&quot;,&quot;right&quot;:&quot;&quot;,&quot;bottom&quot;:&quot;&quot;,&quot;left&quot;:&quot;&quot;,&quot;isLinked&quot;:true},&quot;element_pack_global_tooltip_border_radius_mobile&quot;:{&quot;unit&quot;:&quot;px&quot;,&quot;top&quot;:&quot;&quot;,&quot;right&quot;:&quot;&quot;,&quot;bottom&quot;:&quot;&quot;,&quot;left&quot;:&quot;&quot;,&quot;isLinked&quot;:true}}\" data-elementor-post-type=\"page\">\n\t\t\t\t<div class=\"elementor-element elementor-element-50bcd8b0 e-flex e-con-boxed e-con e-parent\" data-id=\"50bcd8b0\" data-element_type=\"container\">\n\t\t\t\t\t<div class=\"e-con-inner\">\n\t\t\t\t<div class=\"elementor-element elementor-element-1c417b2a elementor-widget elementor-widget-text-editor\" data-id=\"1c417b2a\" data-element_type=\"widget\" data-widget_type=\"text-editor.default\">\n\t\t\t\t<div class=\"elementor-widget-container\">\n\t\t\t\t\t\t\t\t\t<p>Nedan formul\u00e4r g\u00e4ller intresseanm\u00e4lan till v\u00e5r barngymnastik. Du kan anm\u00e4la ditt barn till n\u00e4sta kursstart v 12, eller st\u00e4lla er p\u00e5 k\u00f6 till en kommande period.<\/p><p><span style=\"font-style:italic\" data-token-index=\"0\">St\u00e4ller du ditt barn p\u00e5 intresselistan f\u00f6r v\u00e5rens andra period redan f\u00e5r du exklusiv f\u00f6rtur och blir kontaktad <\/span><span style=\"font-style:italic;font-weight:600\" data-token-index=\"1\">innan vi sl\u00e4pper platserna till allm\u00e4nheten<\/span><span style=\"font-style:italic\" data-token-index=\"2\">. <span style=\"text-wrap-mode: nowrap; font-size: 1em; font-family: &quot;Apple Color Emoji&quot;, &quot;Segoe UI Emoji&quot;, &quot;Segoe UI Symbol&quot;;\">\ud83e\udd38\ud83c\udffb<\/span><\/span><!-- notionvc: 6a826a4c-403b-4833-ab99-84c4afe48e7d --><\/p>\n<p>Varje steg best\u00e5r av \u00e5tta lektioner, kursavgift 1.830 kr.<\/p>\n<p>P\u00e5 Gymnastik &#8211; forts\u00e4ttning\/avancerad eller speed g\u00e5r kurserna terminsvis. En termin best\u00e5r av 16 lektioner \u00e1 60 minuter, kursavgift 3.670 kr<\/p>\n<p>Vi svarar g\u00e4rna p\u00e5 dina fr\u00e5gor<\/p>\n<p>E-post: <a href=\"mailto:sodrastockholm@barnensgymnastikskola.se\">sodrastockholm@barnensgymnastikskola.se<\/a><br>Telefon: <span style=\"color: #000080;\">073-502 66 50<\/span><\/p>\n<p><strong>H\u00e4r kan du l\u00e4sa<\/strong>&nbsp;<strong>v\u00e5ra<\/strong> <a href=\"\/sv\/om-lidingo-gymnastikskola\/villkor-och-regler-for-lidingo-gymnastikskola\/\">villkor och regler!<\/a><\/p>\t\t\t\t\t\t\t\t<\/div>\n\t\t\t\t<\/div>\n\t\t\t\t\t<\/div>\n\t\t\t\t<\/div>\n\t\t<div class=\"elementor-element elementor-element-e1837d0 e-flex e-con-boxed e-con e-parent\" data-id=\"e1837d0\" data-element_type=\"container\">\n\t\t\t\t\t<div class=\"e-con-inner\">\n\t\t\t\t<div class=\"elementor-element elementor-element-46f730d elementor-align-center elementor-widget elementor-widget-button\" data-id=\"46f730d\" data-element_type=\"widget\" data-widget_type=\"button.default\">\n\t\t\t\t<div class=\"elementor-widget-container\">\n\t\t\t\t\t\t\t\t\t<div class=\"elementor-button-wrapper\">\n\t\t\t\t\t<a class=\"elementor-button elementor-button-link elementor-size-sm\" href=\"https:\/\/sodrastockholm.barnensgymnastikskola.se\/en\/schema\/\">\n\t\t\t\t\t\t<span class=\"elementor-button-content-wrapper\">\n\t\t\t\t\t\t<span class=\"elementor-button-icon\">\n\t\t\t\t<svg xmlns=\"http:\/\/www.w3.org\/2000\/svg\" xmlns:xlink=\"http:\/\/www.w3.org\/1999\/xlink\" viewbox=\"0,0,256,256\" width=\"512px\" height=\"512px\" fill-rule=\"nonzero\"><g fill=\"none\" fill-rule=\"nonzero\" stroke=\"none\" stroke-width=\"1\" stroke-linecap=\"butt\" stroke-linejoin=\"miter\" stroke-miterlimit=\"10\" stroke-dasharray=\"\" stroke-dashoffset=\"0\" font-family=\"none\" font-weight=\"none\" font-size=\"none\" text-anchor=\"none\" style=\"mix-blend-mode: normal\"><g transform=\"scale(4,4)\"><path d=\"M54.68,29l-40.5,-16.1c-0.37146,-0.14869 -0.79579,-0.06164 -1.07872,0.22128c-0.28292,0.28292 -0.36997,0.70726 -0.22128,1.07872l16.12,40.5c0.14083,0.35451 0.47108,0.59801 0.85138,0.62776c0.3803,0.02974 0.74439,-0.15946 0.93862,-0.48776l6.73,-11.39c0.15687,-0.26707 0.42864,-0.44637 0.73589,-0.48551c0.30725,-0.03914 0.61529,0.0663 0.83411,0.28551l13.3,13.34c0.37514,0.37555 0.88418,0.58657 1.415,0.58657c0.53082,0 1.03986,-0.21102 1.415,-0.58657l1.41,-1.41c0.37555,-0.37514 0.58657,-0.88418 0.58657,-1.415c0,-0.53082 -0.21102,-1.03986 -0.58657,-1.415l-13.34,-13.35c-0.21921,-0.21882 -0.32465,-0.52686 -0.28551,-0.83411c0.03914,-0.30725 0.21844,-0.57902 0.48551,-0.73589l11.33,-6.68c0.30616,-0.20032 0.47848,-0.55184 0.44931,-0.91654c-0.02918,-0.3647 -0.25519,-0.68436 -0.58931,-0.83346z\" fill=\"#85cbf8\"><\/path><path d=\"M14.1,17.27l38,15.09l2.7,-1.59c0.31838,-0.19416 0.50228,-0.54935 0.47706,-0.92141c-0.02522,-0.37206 -0.25538,-0.69918 -0.59706,-0.84859l-40.5,-16.1c-0.37146,-0.14869 -0.79579,-0.06164 -1.07872,0.22128c-0.28292,0.28292 -0.36997,0.70726 -0.22128,1.07872zM56.63,52.35l-12.11,-12.1v0c-0.74442,0.45262 -1.23887,1.2229 -1.34044,2.08818c-0.10157,0.86528 0.20107,1.72912 0.82044,2.34182l11.54,11.59l1.09,-1.09c0.37555,-0.37514 0.58657,-0.88418 0.58657,-1.415c0,-0.53082 -0.21102,-1.03986 -0.58657,-1.415z\" fill=\"#9fddff\"><\/path><path d=\"M57.34,51.64l-13.34,-13.33l11.33,-6.68c0.68383,-0.38716 1.07757,-1.1389 1.00643,-1.92149c-0.07115,-0.7826 -0.59399,-1.45101 -1.33643,-1.70851l-40.45,-16c-0.74292,-0.29737 -1.59159,-0.12328 -2.15744,0.44256c-0.56585,0.56585 -0.73994,1.41451 -0.44256,2.15744l16.05,40.47c0.28167,0.70901 0.94216,1.19603 1.70275,1.25551c0.76059,0.05949 1.48877,-0.31891 1.87725,-0.97551l6.76,-11.35l13.34,13.3c1.17127,1.16981 3.06873,1.16981 4.24,0l1.42,-1.41c0.56486,-0.56291 0.88237,-1.32755 0.88237,-2.125c0,-0.79745 -0.3175,-1.56209 -0.88237,-2.125zM55.93,54.47l-1.42,1.41c-0.39004,0.38772 -1.01996,0.38772 -1.41,0l-13.35,-13.34c-0.38139,-0.35731 -0.8875,-0.55114 -1.41,-0.54h-0.26c-0.61937,0.08525 -1.16324,0.45523 -1.47,1l-6.73,11.33l-16.07,-40.5l40.5,16.07l-11.31,6.68c-0.53414,0.31374 -0.89275,0.85728 -0.97103,1.47178c-0.07828,0.6145 0.1326,1.23059 0.57103,1.66822l13.32,13.34c0.38772,0.39004 0.38772,1.01996 0,1.41z\" fill=\"#002457\"><\/path><path d=\"M44,30.11c0.48061,0.00118 0.89407,-0.3397 0.98456,-0.81172c0.09049,-0.47201 -0.1676,-0.94164 -0.61456,-1.11828l-14.7,-5.83c-0.51362,-0.20435 -1.09565,0.04638 -1.3,0.56c-0.20435,0.51362 0.04638,1.09565 0.56,1.3l14.66,5.79c0.12722,0.06559 0.26704,0.1031 0.41,0.11zM25.57,20.74l-3.15,-1.25c-0.51362,-0.20435 -1.09565,0.04638 -1.3,0.56c-0.20435,0.51362 0.04638,1.09565 0.56,1.3l3.15,1.25c0.51362,0.20435 1.09565,-0.04638 1.3,-0.56c0.20435,-0.51362 -0.04638,-1.09565 -0.56,-1.3zM8,6.72c-0.39915,-0.33717 -0.99058,-0.31022 -1.35741,0.06185c-0.36683,0.37207 -0.38539,0.96382 -0.04259,1.35815l1.46,1.46c0.38936,0.39212 1.02288,0.39436 1.415,0.005c0.39212,-0.38936 0.39436,-1.02288 0.005,-1.415zM14.17,8.07c0.55228,0 1,-0.44772 1,-1v-2.07c0,-0.55228 -0.44772,-1 -1,-1c-0.55228,0 -1,0.44772 -1,1v2.07c0,0.55228 0.44772,1 1,1zM7.95,14.29c0,-0.55228 -0.44772,-1 -1,-1h-2.08c-0.55228,0 -1,0.44772 -1,1c0,0.55228 0.44772,1 1,1h2.08c0.55228,0 1,-0.44772 1,-1zM8.06,19l-1.46,1.45c-0.30201,0.23813 -0.44069,0.62836 -0.35669,1.00367c0.084,0.37531 0.3758,0.66919 0.7505,0.75586c0.3747,0.08667 0.76591,-0.04923 1.00618,-0.34953l1.48,-1.46c0.33717,-0.39915 0.31022,-0.99058 -0.06185,-1.35741c-0.37207,-0.36683 -0.96382,-0.38539 -1.35815,-0.04259zM19.56,9.89c0.2658,0.00154 0.52128,-0.10281 0.71,-0.29l1.47,-1.47c0.33978,-0.39676 0.31693,-0.98819 -0.05244,-1.35756c-0.36937,-0.36937 -0.9608,-0.39221 -1.35756,-0.05244l-1.47,1.47c-0.28846,0.28609 -0.37516,0.71827 -0.21937,1.09348c0.15579,0.37521 0.52311,0.61888 0.92937,0.61652z\" fill=\"#002457\"><\/path><\/g><\/g><\/svg>\t\t\t<\/span>\n\t\t\t\t\t\t\t\t\t<span class=\"elementor-button-text\">H\u00e4r hittar schemat f\u00f6r v\u00e5rens alla gymnastikgrupper<\/span>\n\t\t\t\t\t<\/span>\n\t\t\t\t\t<\/a>\n\t\t\t\t<\/div>\n\t\t\t\t\t\t\t\t<\/div>\n\t\t\t\t<\/div>\n\t\t\t\t\t<\/div>\n\t\t\t\t<\/div>\n\t\t\t\t<\/div>","protected":false},"excerpt":{"rendered":"<p>Nedan formul\u00e4r g\u00e4ller intresseanm\u00e4lan till v\u00e5r barngymnastik. Du kan anm\u00e4la ditt barn till n\u00e4sta kursstart v 12, eller st\u00e4lla er p\u00e5 k\u00f6 till en kommande period. St\u00e4ller du ditt barn p\u00e5 intresselistan f\u00f6r v\u00e5rens andra period redan f\u00e5r du exklusiv f\u00f6rtur och blir kontaktad innan vi sl\u00e4pper platserna till allm\u00e4nheten. \ud83e\udd38\ud83c\udffb Varje steg best\u00e5r av [&hellip;]<\/p>","protected":false},"author":140,"featured_media":8664,"parent":5,"menu_order":7,"comment_status":"closed","ping_status":"closed","template":"","meta":{"_acf_changed":false,"footnotes":""},"categories":[10],"tags":[],"sidmall":[],"class_list":["post-114","page","type-page","status-publish","has-post-thumbnail","hentry","category-praktiskt-kring-barnkurserna"],"acf":[],"_links":{"self":[{"href":"https:\/\/sodrastockholm.barnensgymnastikskola.se\/en\/wp-json\/wp\/v2\/pages\/114","targetHints":{"allow":["GET"]}}],"collection":[{"href":"https:\/\/sodrastockholm.barnensgymnastikskola.se\/en\/wp-json\/wp\/v2\/pages"}],"about":[{"href":"https:\/\/sodrastockholm.barnensgymnastikskola.se\/en\/wp-json\/wp\/v2\/types\/page"}],"author":[{"embeddable":true,"href":"https:\/\/sodrastockholm.barnensgymnastikskola.se\/en\/wp-json\/wp\/v2\/users\/140"}],"replies":[{"embeddable":true,"href":"https:\/\/sodrastockholm.barnensgymnastikskola.se\/en\/wp-json\/wp\/v2\/comments?post=114"}],"version-history":[{"count":51,"href":"https:\/\/sodrastockholm.barnensgymnastikskola.se\/en\/wp-json\/wp\/v2\/pages\/114\/revisions"}],"predecessor-version":[{"id":13969,"href":"https:\/\/sodrastockholm.barnensgymnastikskola.se\/en\/wp-json\/wp\/v2\/pages\/114\/revisions\/13969"}],"up":[{"embeddable":true,"href":"https:\/\/sodrastockholm.barnensgymnastikskola.se\/en\/wp-json\/wp\/v2\/pages\/5"}],"wp:featuredmedia":[{"embeddable":true,"href":"https:\/\/sodrastockholm.barnensgymnastikskola.se\/en\/wp-json\/wp\/v2\/media\/8664"}],"wp:attachment":[{"href":"https:\/\/sodrastockholm.barnensgymnastikskola.se\/en\/wp-json\/wp\/v2\/media?parent=114"}],"wp:term":[{"taxonomy":"category","embeddable":true,"href":"https:\/\/sodrastockholm.barnensgymnastikskola.se\/en\/wp-json\/wp\/v2\/categories?post=114"},{"taxonomy":"post_tag","embeddable":true,"href":"https:\/\/sodrastockholm.barnensgymnastikskola.se\/en\/wp-json\/wp\/v2\/tags?post=114"},{"taxonomy":"sidmall","embeddable":true,"href":"https:\/\/sodrastockholm.barnensgymnastikskola.se\/en\/wp-json\/wp\/v2\/sidmall?post=114"}],"curies":[{"name":"wp","href":"https:\/\/api.w.org\/{rel}","templated":true}]}}