{"id":13548,"date":"2025-09-12T12:56:58","date_gmt":"2025-09-12T12:56:58","guid":{"rendered":"https:\/\/sodrastockholm.barnensgymnastikskola.se\/?page_id=13548"},"modified":"2026-04-20T11:24:39","modified_gmt":"2026-04-20T11:24:39","slug":"forfraganfortsattning","status":"publish","type":"page","link":"https:\/\/sodrastockholm.barnensgymnastikskola.se\/en\/forfraganfortsattning","title":{"rendered":"F\u00f6rfr\u00e5gan om forts\u00e4ttning till h\u00f6sten 2026"},"content":{"rendered":"<div class=\"wpforms-container wpforms-container-full wpforms-block wpforms-block-71d6cf35-e506-42ce-b568-214e1d3e8c94\" id=\"wpforms-13543\"><form id=\"wpforms-form-13543\" class=\"wpforms-validate wpforms-form\" data-formid=\"13543\" method=\"post\" enctype=\"multipart\/form-data\" action=\"\/en\/wp-json\/wp\/v2\/pages\/13548\" data-token=\"8874f64e31c93e735de42129ceb5c59c\" data-trp-original-action=\"\/en\/wp-json\/wp\/v2\/pages\/13548\"><noscript class=\"wpforms-error-noscript\">Please enable JavaScript in your browser to complete this form.<\/noscript><div class=\"wpforms-field-container\"><div id=\"wpforms-13543-field_3-container\" class=\"wpforms-field wpforms-field-text\" data-field-id=\"3\"><label class=\"wpforms-field-label\" for=\"wpforms-13543-field_3\">the child&#039;s first name <span class=\"wpforms-required-label\">*<\/span><\/label><input type=\"text\" id=\"wpforms-13543-field_3\" class=\"wpforms-field-medium wpforms-field-required\" name=\"wpforms[fields][3]\" required><\/div><div id=\"wpforms-13543-field_9-container\" class=\"wpforms-field wpforms-field-text\" data-field-id=\"9\"><label class=\"wpforms-field-label\" for=\"wpforms-13543-field_9\">the child&#039;s last name <span class=\"wpforms-required-label\">*<\/span><\/label><input type=\"text\" id=\"wpforms-13543-field_9\" class=\"wpforms-field-medium wpforms-field-required\" name=\"wpforms[fields][9]\" required><\/div><div id=\"wpforms-13543-field_8-container\" class=\"wpforms-field wpforms-field-text\" data-field-id=\"8\"><label class=\"wpforms-field-label\" for=\"wpforms-13543-field_8\">Course code <span class=\"wpforms-required-label\">*<\/span><\/label><input type=\"text\" id=\"wpforms-13543-field_8\" class=\"wpforms-field-medium wpforms-field-required\" name=\"wpforms[fields][8]\" required><div class=\"wpforms-field-description\">You will find the course code in the email with the request for continuation you received.<\/div><\/div><div id=\"wpforms-13543-field_1-container\" class=\"wpforms-field wpforms-field-email\" data-field-id=\"1\"><label class=\"wpforms-field-label\" for=\"wpforms-13543-field_1\">E-mail <span class=\"wpforms-required-label\">*<\/span><\/label><input type=\"email\" id=\"wpforms-13543-field_1\" class=\"wpforms-field-medium wpforms-field-required\" name=\"wpforms[fields][1]\" spellcheck=\"false\" required><\/div><div id=\"wpforms-13543-field_5-container\" class=\"wpforms-field wpforms-field-checkbox\" data-field-id=\"5\"><label class=\"wpforms-field-label\" for=\"wpforms-13543-field_5\">My child wishes to continue in gymnastics next semester: <span class=\"wpforms-required-label\">*<\/span><\/label><ul id=\"wpforms-13543-field_5\" class=\"wpforms-field-required\" data-choice-limit=\"1\"><li class=\"choice-1 depth-1\"><input type=\"checkbox\" id=\"wpforms-13543-field_5_1\" data-rule-check-limit=\"true\" name=\"wpforms[fields][5][]\" value=\"Ja\" required><label class=\"wpforms-field-label-inline\" for=\"wpforms-13543-field_5_1\">Yes<\/label><\/li><li class=\"choice-2 depth-1\"><input type=\"checkbox\" id=\"wpforms-13543-field_5_2\" data-rule-check-limit=\"true\" name=\"wpforms[fields][5][]\" value=\"Nej\" required><label class=\"wpforms-field-label-inline\" for=\"wpforms-13543-field_5_2\">No<\/label><\/li><\/ul><div class=\"wpforms-field-description\">Tackar du ja, \u00e5terkommer vi med ett gruppf\u00f6rslag inom kort. Anm\u00e4lan \u00e4r inte bindande f\u00f6rr\u00e4n du bekr\u00e4ftar det gruppf\u00f6rslaget.<\/div><\/div><div id=\"wpforms-13543-field_2-container\" class=\"wpforms-field wpforms-field-textarea\" data-field-id=\"2\"><label class=\"wpforms-field-label\" for=\"wpforms-13543-field_2\">\u00d6nskem\u00e5l &#8211; dag\/tid\/kompisar<\/label><textarea id=\"wpforms-13543-field_2\" class=\"wpforms-field-medium\" name=\"wpforms[fields][2]\" ><\/textarea><div class=\"wpforms-field-description\">Vi skapar nya grupper till h\u00f6sten. Om det \u00e4r n\u00e5gon dag du vet redan nu att ditt barn inte kan &#8211; skriv det h\u00e4r. Om ditt barn har en kompis hon\/han \u00f6nskar tr\u00e4na tillsammans med, ange det h\u00e4r (\u00e4ven om de g\u00e5r i samma grupp nu). <\/div><\/div><div id=\"wpforms-13543-field_6-container\" class=\"wpforms-field wpforms-field-textarea\" data-field-id=\"6\"><label class=\"wpforms-field-label\" for=\"wpforms-13543-field_6\">Feedback lessons:<\/label><textarea id=\"wpforms-13543-field_6\" class=\"wpforms-field-medium\" name=\"wpforms[fields][6]\" ><\/textarea><div class=\"wpforms-field-description\">We would be very happy if you would leave a few words about your experience of the gymnastics lessons. \u2764\ufe0f<\/div><\/div><\/div><!-- .wpforms-field-container --><div class=\"wpforms-field wpforms-field-hp\"><label for=\"wpforms-13543-field-hp\" class=\"wpforms-field-label\">Name<\/label><input type=\"text\" name=\"wpforms[hp]\" id=\"wpforms-13543-field-hp\" class=\"wpforms-field-medium\"><\/div><div class=\"wpforms-submit-container\" ><input type=\"hidden\" name=\"wpforms[id]\" value=\"13543\"><input type=\"hidden\" name=\"wpforms[author]\" value=\"155\"><button type=\"submit\" name=\"wpforms[submit]\" id=\"wpforms-submit-13543\" class=\"wpforms-submit\" data-alt-text=\"Skickar.. (ibland tar det n\u00e5gon minut, ha t\u00e5lamod \ud83d\udc99)\" data-submit-text=\"Skicka! \" aria-live=\"assertive\" value=\"wpforms-submit\">Send! <\/button><\/div><input type=\"hidden\" name=\"trp-form-language\" value=\"en\"\/><\/form><\/div>  <!-- .wpforms-container -->","protected":false},"excerpt":{"rendered":"","protected":false},"author":155,"featured_media":0,"parent":0,"menu_order":4,"comment_status":"closed","ping_status":"closed","template":"","meta":{"_acf_changed":false,"footnotes":""},"categories":[],"tags":[],"sidmall":[],"class_list":["post-13548","page","type-page","status-publish","hentry"],"acf":[],"_links":{"self":[{"href":"https:\/\/sodrastockholm.barnensgymnastikskola.se\/en\/wp-json\/wp\/v2\/pages\/13548","targetHints":{"allow":["GET"]}}],"collection":[{"href":"https:\/\/sodrastockholm.barnensgymnastikskola.se\/en\/wp-json\/wp\/v2\/pages"}],"about":[{"href":"https:\/\/sodrastockholm.barnensgymnastikskola.se\/en\/wp-json\/wp\/v2\/types\/page"}],"author":[{"embeddable":true,"href":"https:\/\/sodrastockholm.barnensgymnastikskola.se\/en\/wp-json\/wp\/v2\/users\/155"}],"replies":[{"embeddable":true,"href":"https:\/\/sodrastockholm.barnensgymnastikskola.se\/en\/wp-json\/wp\/v2\/comments?post=13548"}],"version-history":[{"count":6,"href":"https:\/\/sodrastockholm.barnensgymnastikskola.se\/en\/wp-json\/wp\/v2\/pages\/13548\/revisions"}],"predecessor-version":[{"id":14021,"href":"https:\/\/sodrastockholm.barnensgymnastikskola.se\/en\/wp-json\/wp\/v2\/pages\/13548\/revisions\/14021"}],"wp:attachment":[{"href":"https:\/\/sodrastockholm.barnensgymnastikskola.se\/en\/wp-json\/wp\/v2\/media?parent=13548"}],"wp:term":[{"taxonomy":"category","embeddable":true,"href":"https:\/\/sodrastockholm.barnensgymnastikskola.se\/en\/wp-json\/wp\/v2\/categories?post=13548"},{"taxonomy":"post_tag","embeddable":true,"href":"https:\/\/sodrastockholm.barnensgymnastikskola.se\/en\/wp-json\/wp\/v2\/tags?post=13548"},{"taxonomy":"sidmall","embeddable":true,"href":"https:\/\/sodrastockholm.barnensgymnastikskola.se\/en\/wp-json\/wp\/v2\/sidmall?post=13548"}],"curies":[{"name":"wp","href":"https:\/\/api.w.org\/{rel}","templated":true}]}}