{"id":16,"date":"2010-04-14T09:09:53","date_gmt":"2010-04-14T09:09:53","guid":{"rendered":"\/?page_id=16"},"modified":"2026-02-20T21:30:07","modified_gmt":"2026-02-20T21:30:07","slug":"gymnastik-fortsattning","status":"publish","type":"page","link":"https:\/\/sodrastockholm.barnensgymnastikskola.se\/en\/kurser-for-barn\/gymnastik-fortsattning","title":{"rendered":"Gymnastics continuation (children born 2014-2019)"},"content":{"rendered":"<div data-elementor-type=\"wp-page\" data-elementor-id=\"16\" class=\"elementor elementor-16\" data-elementor-settings=\"{&quot;element_pack_global_tooltip_width&quot;:{&quot;unit&quot;:&quot;px&quot;,&quot;size&quot;:&quot;&quot;,&quot;sizes&quot;:[]},&quot;element_pack_global_tooltip_width_tablet&quot;:{&quot;unit&quot;:&quot;px&quot;,&quot;size&quot;:&quot;&quot;,&quot;sizes&quot;:[]},&quot;element_pack_global_tooltip_width_mobile&quot;:{&quot;unit&quot;:&quot;px&quot;,&quot;size&quot;:&quot;&quot;,&quot;sizes&quot;:[]},&quot;element_pack_global_tooltip_padding&quot;:{&quot;unit&quot;:&quot;px&quot;,&quot;top&quot;:&quot;&quot;,&quot;right&quot;:&quot;&quot;,&quot;bottom&quot;:&quot;&quot;,&quot;left&quot;:&quot;&quot;,&quot;isLinked&quot;:true},&quot;element_pack_global_tooltip_padding_tablet&quot;:{&quot;unit&quot;:&quot;px&quot;,&quot;top&quot;:&quot;&quot;,&quot;right&quot;:&quot;&quot;,&quot;bottom&quot;:&quot;&quot;,&quot;left&quot;:&quot;&quot;,&quot;isLinked&quot;:true},&quot;element_pack_global_tooltip_padding_mobile&quot;:{&quot;unit&quot;:&quot;px&quot;,&quot;top&quot;:&quot;&quot;,&quot;right&quot;:&quot;&quot;,&quot;bottom&quot;:&quot;&quot;,&quot;left&quot;:&quot;&quot;,&quot;isLinked&quot;:true},&quot;element_pack_global_tooltip_border_radius&quot;:{&quot;unit&quot;:&quot;px&quot;,&quot;top&quot;:&quot;&quot;,&quot;right&quot;:&quot;&quot;,&quot;bottom&quot;:&quot;&quot;,&quot;left&quot;:&quot;&quot;,&quot;isLinked&quot;:true},&quot;element_pack_global_tooltip_border_radius_tablet&quot;:{&quot;unit&quot;:&quot;px&quot;,&quot;top&quot;:&quot;&quot;,&quot;right&quot;:&quot;&quot;,&quot;bottom&quot;:&quot;&quot;,&quot;left&quot;:&quot;&quot;,&quot;isLinked&quot;:true},&quot;element_pack_global_tooltip_border_radius_mobile&quot;:{&quot;unit&quot;:&quot;px&quot;,&quot;top&quot;:&quot;&quot;,&quot;right&quot;:&quot;&quot;,&quot;bottom&quot;:&quot;&quot;,&quot;left&quot;:&quot;&quot;,&quot;isLinked&quot;:true}}\" data-elementor-post-type=\"page\">\n\t\t\t\t<div class=\"elementor-element elementor-element-7604036e e-flex e-con-boxed e-con e-parent\" data-id=\"7604036e\" data-element_type=\"container\">\n\t\t\t\t\t<div class=\"e-con-inner\">\n\t\t\t\t<div class=\"elementor-element elementor-element-487c9b35 elementor-widget elementor-widget-text-editor\" data-id=\"487c9b35\" data-element_type=\"widget\" data-widget_type=\"text-editor.default\">\n\t\t\t\t<div class=\"elementor-widget-container\">\n\t\t\t\t\t\t\t\t\t<p><em> F\u00f6r barn f\u00f6dda 2015-2019 som g\u00e5tt kursen Gymnastik \u2013 grundtr\u00e4ning, speed eller forts\u00e4ttning<\/em><\/p><p class=\"p1\">This course is aimed at children who have taken our course <b>Gymnastics basic training<\/b> or have equivalent prior knowledge. We continue to work with the basics in <b>the three parts of team gymnastics<\/b>: Carpet, jump and freestanding.<\/p><p class=\"p1\">On the mat we continue to practice basics such as wheeling and handstands, and also get into more advanced moves such as hand vault, rondat and girlis. In <b>the moment of jumping<\/b> We develop the technique in free vault on the trampoline and platform jumps such as somersaults on the platform and aerial jumps. We also introduce a new freestanding.<\/p><p>Please note that we have costume requirements on this course, which means that the gymnast must wear a costume\/bodysuit during the lesson.<\/p><div id=\"skype_c2c_menu_container\" class=\"skype_c2c_menu_container notranslate\" style=\"display: none;\"><div class=\"skype_c2c_menu_click2call\"><a id=\"skype_c2c_menu_click2call_action\" class=\"skype_c2c_menu_click2call_action\" target=\"_self\" rel=\"noopener noreferrer\"><\/a>Call<\/div><div class=\"skype_c2c_menu_click2sms\"><a id=\"skype_c2c_menu_click2sms_action\" class=\"skype_c2c_menu_click2sms_action\" target=\"_self\" rel=\"noopener noreferrer\"><\/a>Send SMS<\/div><div class=\"skype_c2c_menu_push_to_mobile\"><a id=\"skype_c2c_menu_push_to_mobile_action\" class=\"skype_c2c_menu_push_to_mobile_action\" target=\"_blank\" rel=\"noopener noreferrer\"><\/a>Call from mobile<\/div><div class=\"skype_c2c_menu_add2skype\"><a id=\"skype_c2c_menu_add2skype_text\" class=\"skype_c2c_menu_add2skype_text\" target=\"_self\" rel=\"noopener noreferrer\"><\/a>Add to Skype<\/div><div class=\"skype_c2c_menu_toll_info\"><span class=\"skype_c2c_menu_toll_callcredit\">You&#039;ll need Skype Credit<\/span><span class=\"skype_c2c_menu_toll_free\">Free via Skype<\/span><\/div><\/div>\t\t\t\t\t\t\t\t<\/div>\n\t\t\t\t<\/div>\n\t\t\t\t\t<\/div>\n\t\t\t\t<\/div>\n\t\t\t\t<\/div>","protected":false},"excerpt":{"rendered":"<p>For children born in 2015-2017 who have taken the course Gymnastics - basic training, speed or continuation<\/p>","protected":false},"author":140,"featured_media":4407,"parent":5,"menu_order":27,"comment_status":"closed","ping_status":"closed","template":"","meta":{"_acf_changed":false,"footnotes":""},"categories":[2],"tags":[],"sidmall":[],"class_list":["post-16","page","type-page","status-publish","has-post-thumbnail","hentry","category-kurser-for-barn"],"acf":[],"_links":{"self":[{"href":"https:\/\/sodrastockholm.barnensgymnastikskola.se\/en\/wp-json\/wp\/v2\/pages\/16","targetHints":{"allow":["GET"]}}],"collection":[{"href":"https:\/\/sodrastockholm.barnensgymnastikskola.se\/en\/wp-json\/wp\/v2\/pages"}],"about":[{"href":"https:\/\/sodrastockholm.barnensgymnastikskola.se\/en\/wp-json\/wp\/v2\/types\/page"}],"author":[{"embeddable":true,"href":"https:\/\/sodrastockholm.barnensgymnastikskola.se\/en\/wp-json\/wp\/v2\/users\/140"}],"replies":[{"embeddable":true,"href":"https:\/\/sodrastockholm.barnensgymnastikskola.se\/en\/wp-json\/wp\/v2\/comments?post=16"}],"version-history":[{"count":22,"href":"https:\/\/sodrastockholm.barnensgymnastikskola.se\/en\/wp-json\/wp\/v2\/pages\/16\/revisions"}],"predecessor-version":[{"id":13973,"href":"https:\/\/sodrastockholm.barnensgymnastikskola.se\/en\/wp-json\/wp\/v2\/pages\/16\/revisions\/13973"}],"up":[{"embeddable":true,"href":"https:\/\/sodrastockholm.barnensgymnastikskola.se\/en\/wp-json\/wp\/v2\/pages\/5"}],"wp:featuredmedia":[{"embeddable":true,"href":"https:\/\/sodrastockholm.barnensgymnastikskola.se\/en\/wp-json\/wp\/v2\/media\/4407"}],"wp:attachment":[{"href":"https:\/\/sodrastockholm.barnensgymnastikskola.se\/en\/wp-json\/wp\/v2\/media?parent=16"}],"wp:term":[{"taxonomy":"category","embeddable":true,"href":"https:\/\/sodrastockholm.barnensgymnastikskola.se\/en\/wp-json\/wp\/v2\/categories?post=16"},{"taxonomy":"post_tag","embeddable":true,"href":"https:\/\/sodrastockholm.barnensgymnastikskola.se\/en\/wp-json\/wp\/v2\/tags?post=16"},{"taxonomy":"sidmall","embeddable":true,"href":"https:\/\/sodrastockholm.barnensgymnastikskola.se\/en\/wp-json\/wp\/v2\/sidmall?post=16"}],"curies":[{"name":"wp","href":"https:\/\/api.w.org\/{rel}","templated":true}]}}