{"id":2125,"date":"2010-04-27T08:32:39","date_gmt":"2010-04-27T08:32:39","guid":{"rendered":"\/?page_id=2"},"modified":"2024-04-04T09:40:09","modified_gmt":"2024-04-04T09:40:09","slug":"om","status":"publish","type":"page","link":"https:\/\/sodrastockholm.barnensgymnastikskola.se\/en\/om-lidingo-gymnastikskola\/om","title":{"rendered":"V\u00e4lkommen till Liding\u00f6 Gymnastikskola!"},"content":{"rendered":"<p>P\u00e5 v\u00e5ra kurser tr\u00e4nar vi barnens motorik med utg\u00e5ng fr\u00e5n gymnastikens grunder samtidigt som de f\u00e5r utlopp f\u00f6r sin r\u00f6relsegl\u00e4dje. Vi har sm\u00e5 grupper med flera pedagoger f\u00f6r att kunna ge alla barn i gruppen uppm\u00e4rksamhet och individuellt st\u00f6d i utvecklingen.<\/p><p>Kurser finns f\u00f6r barn mellan 10 m\u00e5nader och 13 \u00e5r, och det finns olika niv\u00e5er beroende p\u00e5 \u00e5lder, intresse och hur l\u00e4nge barnet g\u00e5tt hos oss. V\u00e5ra pedagoger \u00e4r alla utbildade inom barngymnastik och har l\u00e5ng bakgrund inom olika idrotter.<br><span style=\"color: #000080;\">Vi har \u00e4ven gymnastik f\u00f6r barn som \u00e4r 10-18 m\u00e5nader. L\u00e4s mer om kursen <a href=\"\/en\/om\/kurser-for-barn\/pyttegymnastik\/\">here<\/a><\/span>.<\/p><p>H\u00f6sten 2016 erbjuder vi grupper f\u00f6r barn f\u00f6dda 2004 till och med 2015 (som \u00e4r 10 m\u00e5nader) utan f\u00f6rkunskaper, samt f\u00f6r barn f\u00f6dda 2003-2010 med tidigare f\u00f6rkunskaper. Vi erbjuder plats f\u00f6r drygt 850 barn p\u00e5 Liding\u00f6 och G\u00e4rdet.<\/p><p>H\u00f6stens f\u00f6rsta period startar v 34, och mer information finns <a href=\"\/en\/kurser-for-barn\/schema-period2\/\">here<\/a>. Nyanm\u00e4lan till kursstarten i augusti g\u00f6r du <a href=\"\/en\/kurser-for-barn\/intresseanmalan\/\">here<\/a>. Om du vill vidareanm\u00e4la ett barn som redan g\u00e5r i v\u00e5r verksamhet ber vi dig svara p\u00e5 det mail med f\u00f6rfr\u00e5gan om forts\u00e4ttning som vi har skickat.<\/p><p>Information om v\u00e5ra lovdagar hittar du <a title=\"Feast days\" href=\"\/en\/kurser-for-barn\/lovdagar\/\" target=\"_self\" rel=\"noopener\">here<\/a>.<\/p>","protected":false},"excerpt":{"rendered":"<p>P\u00e5 v\u00e5ra kurser tr\u00e4nar vi barnens motorik med utg\u00e5ng fr\u00e5n gymnastikens grunder samtidigt som de f\u00e5r utlopp f\u00f6r sin r\u00f6relsegl\u00e4dje. Vi har sm\u00e5 grupper med flera pedagoger f\u00f6r att kunna ge alla barn i gruppen uppm\u00e4rksamhet och individuellt st\u00f6d i utvecklingen. Kurser finns f\u00f6r barn mellan 10 m\u00e5nader och 13 \u00e5r, och det finns olika [&hellip;]<\/p>","protected":false},"author":140,"featured_media":0,"parent":44,"menu_order":38,"comment_status":"closed","ping_status":"closed","template":"","meta":{"_acf_changed":false,"footnotes":""},"categories":[16],"tags":[],"sidmall":[252],"class_list":["post-2125","page","type-page","status-publish","hentry","category-service-och-information","sidmall-bild-hoger"],"acf":[],"_links":{"self":[{"href":"https:\/\/sodrastockholm.barnensgymnastikskola.se\/en\/wp-json\/wp\/v2\/pages\/2125","targetHints":{"allow":["GET"]}}],"collection":[{"href":"https:\/\/sodrastockholm.barnensgymnastikskola.se\/en\/wp-json\/wp\/v2\/pages"}],"about":[{"href":"https:\/\/sodrastockholm.barnensgymnastikskola.se\/en\/wp-json\/wp\/v2\/types\/page"}],"author":[{"embeddable":true,"href":"https:\/\/sodrastockholm.barnensgymnastikskola.se\/en\/wp-json\/wp\/v2\/users\/140"}],"replies":[{"embeddable":true,"href":"https:\/\/sodrastockholm.barnensgymnastikskola.se\/en\/wp-json\/wp\/v2\/comments?post=2125"}],"version-history":[{"count":2,"href":"https:\/\/sodrastockholm.barnensgymnastikskola.se\/en\/wp-json\/wp\/v2\/pages\/2125\/revisions"}],"predecessor-version":[{"id":12321,"href":"https:\/\/sodrastockholm.barnensgymnastikskola.se\/en\/wp-json\/wp\/v2\/pages\/2125\/revisions\/12321"}],"up":[{"embeddable":true,"href":"https:\/\/sodrastockholm.barnensgymnastikskola.se\/en\/wp-json\/wp\/v2\/pages\/44"}],"wp:attachment":[{"href":"https:\/\/sodrastockholm.barnensgymnastikskola.se\/en\/wp-json\/wp\/v2\/media?parent=2125"}],"wp:term":[{"taxonomy":"category","embeddable":true,"href":"https:\/\/sodrastockholm.barnensgymnastikskola.se\/en\/wp-json\/wp\/v2\/categories?post=2125"},{"taxonomy":"post_tag","embeddable":true,"href":"https:\/\/sodrastockholm.barnensgymnastikskola.se\/en\/wp-json\/wp\/v2\/tags?post=2125"},{"taxonomy":"sidmall","embeddable":true,"href":"https:\/\/sodrastockholm.barnensgymnastikskola.se\/en\/wp-json\/wp\/v2\/sidmall?post=2125"}],"curies":[{"name":"wp","href":"https:\/\/api.w.org\/{rel}","templated":true}]}}