{"id":2833,"date":"2016-10-03T11:12:11","date_gmt":"2016-10-03T11:12:11","guid":{"rendered":"\/?page_id=2833"},"modified":"2024-04-04T09:30:14","modified_gmt":"2024-04-04T09:30:14","slug":"introduktion-till-lidingo-gymnastikskola","status":"publish","type":"page","link":"https:\/\/sodrastockholm.barnensgymnastikskola.se\/en\/introduktion-till-lidingo-gymnastikskola","title":{"rendered":"Introduktion till Liding\u00f6 gymnastikskola"},"content":{"rendered":"<p>With us, kids in all ages get an outlet for their joy of movement. We train them in mobility skills from the basics of gymnastics. We always work in small groups to be able to give all children attention and individual support in their development.<\/p>\n<p><a class=\"btn btn-white\" href=\"\/en\/om\/valkommen-till-lidingo-gymnastikskola\/\">This is Liding\u00f6 Gymnastics School<\/a><\/p>","protected":false},"excerpt":{"rendered":"<p>Hos oss f\u00e5r barn utlopp f\u00f6r sin r\u00f6relsegl\u00e4dje. Vi tr\u00e4nar dem i motorik fr\u00e5n gymnastikens grunder. Vi tr\u00e4nar i sm\u00e5 grupper f\u00f6r att kunna ge alla barn uppm\u00e4rksamhet och individuellt st\u00f6d i utvecklingen. Det h\u00e4r \u00e4r Liding\u00f6 Gymnastikskola<\/p>","protected":false},"author":1,"featured_media":0,"parent":0,"menu_order":15,"comment_status":"closed","ping_status":"closed","template":"","meta":{"_acf_changed":false,"footnotes":""},"categories":[16],"tags":[],"sidmall":[254],"class_list":["post-2833","page","type-page","status-publish","hentry","category-service-och-information","sidmall-ingen-bild"],"acf":[],"_links":{"self":[{"href":"https:\/\/sodrastockholm.barnensgymnastikskola.se\/en\/wp-json\/wp\/v2\/pages\/2833","targetHints":{"allow":["GET"]}}],"collection":[{"href":"https:\/\/sodrastockholm.barnensgymnastikskola.se\/en\/wp-json\/wp\/v2\/pages"}],"about":[{"href":"https:\/\/sodrastockholm.barnensgymnastikskola.se\/en\/wp-json\/wp\/v2\/types\/page"}],"author":[{"embeddable":true,"href":"https:\/\/sodrastockholm.barnensgymnastikskola.se\/en\/wp-json\/wp\/v2\/users\/1"}],"replies":[{"embeddable":true,"href":"https:\/\/sodrastockholm.barnensgymnastikskola.se\/en\/wp-json\/wp\/v2\/comments?post=2833"}],"version-history":[{"count":0,"href":"https:\/\/sodrastockholm.barnensgymnastikskola.se\/en\/wp-json\/wp\/v2\/pages\/2833\/revisions"}],"wp:attachment":[{"href":"https:\/\/sodrastockholm.barnensgymnastikskola.se\/en\/wp-json\/wp\/v2\/media?parent=2833"}],"wp:term":[{"taxonomy":"category","embeddable":true,"href":"https:\/\/sodrastockholm.barnensgymnastikskola.se\/en\/wp-json\/wp\/v2\/categories?post=2833"},{"taxonomy":"post_tag","embeddable":true,"href":"https:\/\/sodrastockholm.barnensgymnastikskola.se\/en\/wp-json\/wp\/v2\/tags?post=2833"},{"taxonomy":"sidmall","embeddable":true,"href":"https:\/\/sodrastockholm.barnensgymnastikskola.se\/en\/wp-json\/wp\/v2\/sidmall?post=2833"}],"curies":[{"name":"wp","href":"https:\/\/api.w.org\/{rel}","templated":true}]}}