{"id":44,"date":"2010-04-27T13:13:56","date_gmt":"2010-04-27T13:13:56","guid":{"rendered":"\/?page_id=44"},"modified":"2025-07-18T10:18:52","modified_gmt":"2025-07-18T10:18:52","slug":"om-lidingo-gymnastikskola","status":"publish","type":"page","link":"https:\/\/sodrastockholm.barnensgymnastikskola.se\/en\/om-lidingo-gymnastikskola","title":{"rendered":"About the Children&#039;s Gymnastics School"},"content":{"rendered":"<div data-elementor-type=\"wp-page\" data-elementor-id=\"44\" class=\"elementor elementor-44\" data-elementor-settings=\"{&quot;element_pack_global_tooltip_width&quot;:{&quot;unit&quot;:&quot;px&quot;,&quot;size&quot;:&quot;&quot;,&quot;sizes&quot;:[]},&quot;element_pack_global_tooltip_width_tablet&quot;:{&quot;unit&quot;:&quot;px&quot;,&quot;size&quot;:&quot;&quot;,&quot;sizes&quot;:[]},&quot;element_pack_global_tooltip_width_mobile&quot;:{&quot;unit&quot;:&quot;px&quot;,&quot;size&quot;:&quot;&quot;,&quot;sizes&quot;:[]},&quot;element_pack_global_tooltip_padding&quot;:{&quot;unit&quot;:&quot;px&quot;,&quot;top&quot;:&quot;&quot;,&quot;right&quot;:&quot;&quot;,&quot;bottom&quot;:&quot;&quot;,&quot;left&quot;:&quot;&quot;,&quot;isLinked&quot;:true},&quot;element_pack_global_tooltip_padding_tablet&quot;:{&quot;unit&quot;:&quot;px&quot;,&quot;top&quot;:&quot;&quot;,&quot;right&quot;:&quot;&quot;,&quot;bottom&quot;:&quot;&quot;,&quot;left&quot;:&quot;&quot;,&quot;isLinked&quot;:true},&quot;element_pack_global_tooltip_padding_mobile&quot;:{&quot;unit&quot;:&quot;px&quot;,&quot;top&quot;:&quot;&quot;,&quot;right&quot;:&quot;&quot;,&quot;bottom&quot;:&quot;&quot;,&quot;left&quot;:&quot;&quot;,&quot;isLinked&quot;:true},&quot;element_pack_global_tooltip_border_radius&quot;:{&quot;unit&quot;:&quot;px&quot;,&quot;top&quot;:&quot;&quot;,&quot;right&quot;:&quot;&quot;,&quot;bottom&quot;:&quot;&quot;,&quot;left&quot;:&quot;&quot;,&quot;isLinked&quot;:true},&quot;element_pack_global_tooltip_border_radius_tablet&quot;:{&quot;unit&quot;:&quot;px&quot;,&quot;top&quot;:&quot;&quot;,&quot;right&quot;:&quot;&quot;,&quot;bottom&quot;:&quot;&quot;,&quot;left&quot;:&quot;&quot;,&quot;isLinked&quot;:true},&quot;element_pack_global_tooltip_border_radius_mobile&quot;:{&quot;unit&quot;:&quot;px&quot;,&quot;top&quot;:&quot;&quot;,&quot;right&quot;:&quot;&quot;,&quot;bottom&quot;:&quot;&quot;,&quot;left&quot;:&quot;&quot;,&quot;isLinked&quot;:true}}\" data-elementor-post-type=\"page\">\n\t\t\t\t<div class=\"elementor-element elementor-element-349d4785 e-flex e-con-boxed e-con e-parent\" data-id=\"349d4785\" data-element_type=\"container\">\n\t\t\t\t\t<div class=\"e-con-inner\">\n\t\t\t\t<div class=\"elementor-element elementor-element-7d490220 elementor-widget elementor-widget-text-editor\" data-id=\"7d490220\" data-element_type=\"widget\" data-widget_type=\"text-editor.default\">\n\t\t\t\t<div class=\"elementor-widget-container\">\n\t\t\t\t\t\t\t\t\t<p data-start=\"304\" data-end=\"733\"><strong data-start=\"304\" data-end=\"373\">Children&#039;s Gymnastics School \u2013 a franchise to Liding\u00f6 Gymnastics School<\/strong><br data-start=\"373\" data-end=\"376\" \/>The Children&#039;s Gymnastics School in southern Stockholm was started in the summer of 2024 by Hedda Lidqvist, who has worked at Liding\u00f6 Gymnastics School since 2013. During her many years there, Hedda has been a central part of the operation - as gymnastics leader, administrator and course manager - and has brought the same values, structure and high quality into the new operation in southern Stockholm.<\/p><p data-start=\"735\" data-end=\"1010\">The Children&#039;s Gymnastics School is based on the same concept that has made Liding\u00f6 Gymnastics School so popular: small, leader-oriented groups in narrow age ranges, teaching based on the child&#039;s developmental level, and a clear focus on ensuring that every child is seen, encouraged and challenged.<\/p><p data-start=\"1012\" data-end=\"1335\">We offer gymnastics training for children in Stockholm between the ages of 3-10, with manual-guided courses to ensure quality and progression in each group. Our educators have training in both motor development and gymnastics technique, and we actively work to strengthen the children&#039;s self-esteem, learning and joy of movement - without competition.<\/p><hr data-start=\"1337\" data-end=\"1340\" \/><p data-start=\"1342\" data-end=\"1754\"><strong data-start=\"1342\" data-end=\"1368\">Liding\u00f6 Gymnastics School<\/strong><br data-start=\"1368\" data-end=\"1371\" \/>Liding\u00f6 Gymnastics School was started in the fall of 2003 by Mia Eriksson Holst and Sara Bargholtz Melcherson. Both have many years of broad experience in the world of gymnastics, including as gymnastics coaches at both the general and elite levels for 17 years in the Vikingarna Gymnastics Team. But also as educators at the Swedish Gymnastics Association, judges and organizers of large gymnastics camps both in Sweden and abroad.<\/p><p data-start=\"1756\" data-end=\"2323\">When they both had children of their own, the interest in the motor development of younger children and the idea of offering high-quality training without a competitive focus was born. Liding\u00f6 Gymnastics School offers small, leader-oriented groups in narrow age ranges. With well-trained educators with expertise in motor development and gymnastics technique, as well as the child&#039;s general learning, we not only want to train the child&#039;s motor skills and develop them gymnastically, but our ambition is also to increase the child&#039;s general learning and strengthen the child&#039;s self-esteem through reflection and personal development.<\/p><p data-start=\"2325\" data-end=\"2831\">Our children&#039;s gymnastics courses are manual-controlled to ensure that we deliver the same high quality on all our courses and our teachers undergo at least twelve mandatory training days each year. We work according to a strong core of values where we see each child and their needs with passionate commitment and high competence, regardless of whether it is a small child practicing the basic gross motor forms or a twelve-year-old who loves handstands, and wants the best coaches, but does not wish to compete.<\/p><p data-start=\"2833\" data-end=\"3039\">Liding\u00f6 Gymnastics School currently has just over 900 children in 70 different groups each week both at Liding\u00f6 and G\u00e4rdet in Stockholm and runs camp activities during the school holidays. <a href=\"https:\/\/www.lidingogymnastikskola.se\/\">Here you will find the Liding\u00f6 Gymnastics School website!<\/a><\/p>\t\t\t\t\t\t\t\t<\/div>\n\t\t\t\t<\/div>\n\t\t\t\t\t<\/div>\n\t\t\t\t<\/div>\n\t\t\t\t<\/div>","protected":false},"excerpt":{"rendered":"<p>Barnens Gymnastikskola \u2013 a franchise to Liding\u00f6 GymnastikskolaBarnens Gymnastikskola in southern Stockholm was started in the summer of 2024 by Hedda Lidqvist, who has worked at Liding\u00f6 Gymnastikskola since 2013. During her many years there, Hedda has been a central part of the business \u2013 as a gymnastics leader, administrator and course manager \u2013 and has brought with her the same values, structure and high [\u2026]<\/p>","protected":false},"author":140,"featured_media":0,"parent":0,"menu_order":29,"comment_status":"closed","ping_status":"closed","template":"","meta":{"_acf_changed":false,"footnotes":""},"categories":[16],"tags":[],"sidmall":[254],"class_list":["post-44","page","type-page","status-publish","hentry","category-service-och-information","sidmall-ingen-bild"],"acf":[],"_links":{"self":[{"href":"https:\/\/sodrastockholm.barnensgymnastikskola.se\/en\/wp-json\/wp\/v2\/pages\/44","targetHints":{"allow":["GET"]}}],"collection":[{"href":"https:\/\/sodrastockholm.barnensgymnastikskola.se\/en\/wp-json\/wp\/v2\/pages"}],"about":[{"href":"https:\/\/sodrastockholm.barnensgymnastikskola.se\/en\/wp-json\/wp\/v2\/types\/page"}],"author":[{"embeddable":true,"href":"https:\/\/sodrastockholm.barnensgymnastikskola.se\/en\/wp-json\/wp\/v2\/users\/140"}],"replies":[{"embeddable":true,"href":"https:\/\/sodrastockholm.barnensgymnastikskola.se\/en\/wp-json\/wp\/v2\/comments?post=44"}],"version-history":[{"count":12,"href":"https:\/\/sodrastockholm.barnensgymnastikskola.se\/en\/wp-json\/wp\/v2\/pages\/44\/revisions"}],"predecessor-version":[{"id":13472,"href":"https:\/\/sodrastockholm.barnensgymnastikskola.se\/en\/wp-json\/wp\/v2\/pages\/44\/revisions\/13472"}],"wp:attachment":[{"href":"https:\/\/sodrastockholm.barnensgymnastikskola.se\/en\/wp-json\/wp\/v2\/media?parent=44"}],"wp:term":[{"taxonomy":"category","embeddable":true,"href":"https:\/\/sodrastockholm.barnensgymnastikskola.se\/en\/wp-json\/wp\/v2\/categories?post=44"},{"taxonomy":"post_tag","embeddable":true,"href":"https:\/\/sodrastockholm.barnensgymnastikskola.se\/en\/wp-json\/wp\/v2\/tags?post=44"},{"taxonomy":"sidmall","embeddable":true,"href":"https:\/\/sodrastockholm.barnensgymnastikskola.se\/en\/wp-json\/wp\/v2\/sidmall?post=44"}],"curies":[{"name":"wp","href":"https:\/\/api.w.org\/{rel}","templated":true}]}}