{"id":612,"date":"2011-05-18T22:06:22","date_gmt":"2011-05-18T22:06:22","guid":{"rendered":"\/"},"modified":"2025-06-04T19:03:40","modified_gmt":"2025-06-04T19:03:40","slug":"gymnastik-avancerad","status":"publish","type":"page","link":"https:\/\/sodrastockholm.barnensgymnastikskola.se\/en\/kurser-for-barn\/gymnastik-avancerad","title":{"rendered":"Gymnastics advanced"},"content":{"rendered":"<p><span class=\"Apple-style-span\">For children born 2009-2015 who have progressed from the Gymnastics course - continuation semester 4 or advanced.<\/span><\/p><p>Here we train competition-preparatory flips such as rondat, girl&#039;s flip, free flip, hand flip, somersault and the basics of twisted flips. We also train to take choreography and perform a dance, in gymnastics called independent, on our own.<\/p><h4 class=\"wp-block-heading\"><strong>Please note that we have costume requirements on this course, which means that the gymnast must wear a costume\/bodysuit during the lesson.<\/strong><\/h4><p>At Gymnastics \u2013 Speed\/Continuation\/Advanced, the courses are held in semesters. One semester consists of 16 lessons, course fee 3,510 SEK. For Gymnastics \u2013 Speed\/Continuation\/Advanced courses, a registration fee of 480 SEK is payable upon acceptance of the received group proposal for the autumn semester. The registration fee constitutes part of the full course fee.<\/p>","protected":false},"excerpt":{"rendered":"<p>F\u00f6r barn f\u00f6dda 2009-2015 som g\u00e5tt vidare fr\u00e5n kursen Gymnastik \u2013 forts\u00e4ttning termin 4 eller avancerad. H\u00e4r tr\u00e4nas t\u00e4vlingsf\u00f6rberedande volter som rondat, flickis, frivolt, &nbsp;handvolt, \u00f6verslag och grunden till skruvade volter. Dessutom tr\u00e4nar vi &nbsp;att ta koreografi och genomf\u00f6ra en dans, i gymnastiken kallat &nbsp;frist\u00e5ende, p\u00e5 egen hand. Observera att vi p\u00e5 denna kurs har [&hellip;]<\/p>","protected":false},"author":140,"featured_media":1978,"parent":5,"menu_order":31,"comment_status":"closed","ping_status":"closed","template":"","meta":{"_acf_changed":false,"footnotes":""},"categories":[211],"tags":[],"sidmall":[],"class_list":["post-612","page","type-page","status-publish","has-post-thumbnail","hentry","category-kurser-dolda"],"acf":[],"_links":{"self":[{"href":"https:\/\/sodrastockholm.barnensgymnastikskola.se\/en\/wp-json\/wp\/v2\/pages\/612","targetHints":{"allow":["GET"]}}],"collection":[{"href":"https:\/\/sodrastockholm.barnensgymnastikskola.se\/en\/wp-json\/wp\/v2\/pages"}],"about":[{"href":"https:\/\/sodrastockholm.barnensgymnastikskola.se\/en\/wp-json\/wp\/v2\/types\/page"}],"author":[{"embeddable":true,"href":"https:\/\/sodrastockholm.barnensgymnastikskola.se\/en\/wp-json\/wp\/v2\/users\/140"}],"replies":[{"embeddable":true,"href":"https:\/\/sodrastockholm.barnensgymnastikskola.se\/en\/wp-json\/wp\/v2\/comments?post=612"}],"version-history":[{"count":23,"href":"https:\/\/sodrastockholm.barnensgymnastikskola.se\/en\/wp-json\/wp\/v2\/pages\/612\/revisions"}],"predecessor-version":[{"id":12008,"href":"https:\/\/sodrastockholm.barnensgymnastikskola.se\/en\/wp-json\/wp\/v2\/pages\/612\/revisions\/12008"}],"up":[{"embeddable":true,"href":"https:\/\/sodrastockholm.barnensgymnastikskola.se\/en\/wp-json\/wp\/v2\/pages\/5"}],"wp:featuredmedia":[{"embeddable":true,"href":"https:\/\/sodrastockholm.barnensgymnastikskola.se\/en\/wp-json\/wp\/v2\/media\/1978"}],"wp:attachment":[{"href":"https:\/\/sodrastockholm.barnensgymnastikskola.se\/en\/wp-json\/wp\/v2\/media?parent=612"}],"wp:term":[{"taxonomy":"category","embeddable":true,"href":"https:\/\/sodrastockholm.barnensgymnastikskola.se\/en\/wp-json\/wp\/v2\/categories?post=612"},{"taxonomy":"post_tag","embeddable":true,"href":"https:\/\/sodrastockholm.barnensgymnastikskola.se\/en\/wp-json\/wp\/v2\/tags?post=612"},{"taxonomy":"sidmall","embeddable":true,"href":"https:\/\/sodrastockholm.barnensgymnastikskola.se\/en\/wp-json\/wp\/v2\/sidmall?post=612"}],"curies":[{"name":"wp","href":"https:\/\/api.w.org\/{rel}","templated":true}]}}