{"id":3080,"date":"2016-07-01T13:36:28","date_gmt":"2016-07-01T13:36:28","guid":{"rendered":"\/?post_type=product&#038;p=3080"},"modified":"2023-12-22T07:57:33","modified_gmt":"2023-12-22T07:57:33","slug":"vattenflaska","status":"publish","type":"product","link":"https:\/\/sodrastockholm.barnensgymnastikskola.se\/en\/shop\/vattenflaska","title":{"rendered":"Water bottle"},"content":{"rendered":"<p class=\"p1\"><span class=\"s1\">V\u00e5r egen vattenflaska i m\u00f6rkbl\u00e5 aluminium.<\/span><\/p>","protected":false},"excerpt":{"rendered":"<p class=\"p1\"><span class=\"s1\">V\u00e5r egen vattenflaska i m\u00f6rkbl\u00e5 aluminium.<\/span><\/p>","protected":false},"featured_media":3344,"template":"","meta":{"_acf_changed":false},"product_cat":[105],"product_tag":[],"class_list":{"0":"post-3080","1":"product","2":"type-product","3":"status-publish","4":"has-post-thumbnail","6":"product_cat-varor","8":"first","9":"instock","10":"taxable","11":"shipping-taxable","12":"purchasable","13":"product-type-simple"},"acf":[],"_links":{"self":[{"href":"https:\/\/sodrastockholm.barnensgymnastikskola.se\/en\/wp-json\/wp\/v2\/product\/3080","targetHints":{"allow":["GET"]}}],"collection":[{"href":"https:\/\/sodrastockholm.barnensgymnastikskola.se\/en\/wp-json\/wp\/v2\/product"}],"about":[{"href":"https:\/\/sodrastockholm.barnensgymnastikskola.se\/en\/wp-json\/wp\/v2\/types\/product"}],"version-history":[{"count":0,"href":"https:\/\/sodrastockholm.barnensgymnastikskola.se\/en\/wp-json\/wp\/v2\/product\/3080\/revisions"}],"wp:featuredmedia":[{"embeddable":true,"href":"https:\/\/sodrastockholm.barnensgymnastikskola.se\/en\/wp-json\/wp\/v2\/media\/3344"}],"wp:attachment":[{"href":"https:\/\/sodrastockholm.barnensgymnastikskola.se\/en\/wp-json\/wp\/v2\/media?parent=3080"}],"wp:term":[{"taxonomy":"product_cat","embeddable":true,"href":"https:\/\/sodrastockholm.barnensgymnastikskola.se\/en\/wp-json\/wp\/v2\/product_cat?post=3080"},{"taxonomy":"product_tag","embeddable":true,"href":"https:\/\/sodrastockholm.barnensgymnastikskola.se\/en\/wp-json\/wp\/v2\/product_tag?post=3080"}],"curies":[{"name":"wp","href":"https:\/\/api.w.org\/{rel}","templated":true}]}}