{"id":3081,"date":"2015-07-01T13:37:43","date_gmt":"2015-07-01T13:37:43","guid":{"rendered":"\/?post_type=product&#038;p=3081"},"modified":"2023-10-05T10:44:52","modified_gmt":"2023-10-05T10:44:52","slug":"gymnastikpase","status":"publish","type":"product","link":"https:\/\/sodrastockholm.barnensgymnastikskola.se\/en\/shop\/gymnastikpase","title":{"rendered":"Gym bag"},"content":{"rendered":"<p>V\u00e5r egen gymnastikp\u00e5se i l\u00e4tt och t\u00e5ligt material.<\/p>","protected":false},"excerpt":{"rendered":"<p>V\u00e5r egen gymnastikp\u00e5se i l\u00e4tt och t\u00e5ligt material.<\/p>","protected":false},"featured_media":3350,"template":"","meta":{"_acf_changed":false},"product_cat":[105],"product_tag":[],"class_list":{"0":"post-3081","1":"product","2":"type-product","3":"status-publish","4":"has-post-thumbnail","6":"product_cat-varor","8":"first","9":"instock","10":"taxable","11":"shipping-taxable","12":"purchasable","13":"product-type-simple"},"acf":[],"_links":{"self":[{"href":"https:\/\/sodrastockholm.barnensgymnastikskola.se\/en\/wp-json\/wp\/v2\/product\/3081","targetHints":{"allow":["GET"]}}],"collection":[{"href":"https:\/\/sodrastockholm.barnensgymnastikskola.se\/en\/wp-json\/wp\/v2\/product"}],"about":[{"href":"https:\/\/sodrastockholm.barnensgymnastikskola.se\/en\/wp-json\/wp\/v2\/types\/product"}],"version-history":[{"count":0,"href":"https:\/\/sodrastockholm.barnensgymnastikskola.se\/en\/wp-json\/wp\/v2\/product\/3081\/revisions"}],"wp:featuredmedia":[{"embeddable":true,"href":"https:\/\/sodrastockholm.barnensgymnastikskola.se\/en\/wp-json\/wp\/v2\/media\/3350"}],"wp:attachment":[{"href":"https:\/\/sodrastockholm.barnensgymnastikskola.se\/en\/wp-json\/wp\/v2\/media?parent=3081"}],"wp:term":[{"taxonomy":"product_cat","embeddable":true,"href":"https:\/\/sodrastockholm.barnensgymnastikskola.se\/en\/wp-json\/wp\/v2\/product_cat?post=3081"},{"taxonomy":"product_tag","embeddable":true,"href":"https:\/\/sodrastockholm.barnensgymnastikskola.se\/en\/wp-json\/wp\/v2\/product_tag?post=3081"}],"curies":[{"name":"wp","href":"https:\/\/api.w.org\/{rel}","templated":true}]}}