{"id":4417,"date":"2018-07-31T10:01:40","date_gmt":"2018-07-31T10:01:40","guid":{"rendered":"\/?post_type=product&#038;p=4417"},"modified":"2024-03-14T10:44:15","modified_gmt":"2024-03-14T10:44:15","slug":"hot-pants-i-slat-sammet-special-edition","status":"publish","type":"product","link":"https:\/\/sodrastockholm.barnensgymnastikskola.se\/en\/shop\/hot-pants-i-slat-sammet-special-edition","title":{"rendered":"Shorts in smooth velvet"},"content":{"rendered":"<p>V\u00e5ra egna shorts i sl\u00e4t sammet<\/p>\n<p>Finns i storlekarna 134 &#8211; S.<span class=\"s1\"> Om ditt barn ligger mellan tv\u00e5 storlekar, v\u00e4lj den st\u00f6rre. <\/span><\/p>\n<p><span style=\"color: #ff0000;\">Storlek 146 \u00e4r restnoterad, vi kommer leverera den i februari.<\/span><\/p>","protected":false},"excerpt":{"rendered":"<p>V\u00e5ra egna shorts i sl\u00e4t sammet<\/p>\n<p>Finns i storlekarna 134 &#8211; S.<span class=\"s1\"> Om ditt barn ligger mellan tv\u00e5 storlekar, v\u00e4lj den st\u00f6rre.<\/span><\/p>","protected":false},"featured_media":4765,"template":"","meta":{"_acf_changed":false},"product_cat":[105],"product_tag":[],"class_list":{"0":"post-4417","1":"product","2":"type-product","3":"status-publish","4":"has-post-thumbnail","6":"product_cat-varor","7":"product_shipping_class-skicka-varorna-till-mig-med-post","8":"pa_storlek-shorts-s","9":"pa_storlek-shorts-134-cl","10":"pa_storlek-shorts-146-cl","11":"pa_storlek-shorts-158-cl","12":"pa_storlek-shorts-170-cl","14":"first","15":"instock","16":"taxable","17":"shipping-taxable","18":"purchasable","19":"product-type-variable"},"acf":[],"_links":{"self":[{"href":"https:\/\/sodrastockholm.barnensgymnastikskola.se\/en\/wp-json\/wp\/v2\/product\/4417","targetHints":{"allow":["GET"]}}],"collection":[{"href":"https:\/\/sodrastockholm.barnensgymnastikskola.se\/en\/wp-json\/wp\/v2\/product"}],"about":[{"href":"https:\/\/sodrastockholm.barnensgymnastikskola.se\/en\/wp-json\/wp\/v2\/types\/product"}],"version-history":[{"count":1,"href":"https:\/\/sodrastockholm.barnensgymnastikskola.se\/en\/wp-json\/wp\/v2\/product\/4417\/revisions"}],"predecessor-version":[{"id":6681,"href":"https:\/\/sodrastockholm.barnensgymnastikskola.se\/en\/wp-json\/wp\/v2\/product\/4417\/revisions\/6681"}],"wp:featuredmedia":[{"embeddable":true,"href":"https:\/\/sodrastockholm.barnensgymnastikskola.se\/en\/wp-json\/wp\/v2\/media\/4765"}],"wp:attachment":[{"href":"https:\/\/sodrastockholm.barnensgymnastikskola.se\/en\/wp-json\/wp\/v2\/media?parent=4417"}],"wp:term":[{"taxonomy":"product_cat","embeddable":true,"href":"https:\/\/sodrastockholm.barnensgymnastikskola.se\/en\/wp-json\/wp\/v2\/product_cat?post=4417"},{"taxonomy":"product_tag","embeddable":true,"href":"https:\/\/sodrastockholm.barnensgymnastikskola.se\/en\/wp-json\/wp\/v2\/product_tag?post=4417"}],"curies":[{"name":"wp","href":"https:\/\/api.w.org\/{rel}","templated":true}]}}