{"id":4444,"date":"2017-12-09T17:57:18","date_gmt":"2017-12-09T17:57:18","guid":{"rendered":"\/?post_type=product&#038;p=4444"},"modified":"2019-09-30T11:47:43","modified_gmt":"2019-09-30T11:47:43","slug":"ovents-de-stress-yoga","status":"publish","type":"product","link":"https:\/\/sodrastockholm.barnensgymnastikskola.se\/en\/shop\/ovents-de-stress-yoga","title":{"rendered":"Practice Stress Yoga"},"content":{"rendered":"<p>Welcome to a spa for the mind.<br \/>\nWhen the holidays are over and the semester starts, it can feel good to land. Give yourself the gift of a moment of guided relaxation. The class begins with gentle yoga exercises to let go and dissolve tension in the whole body and create a free flow in the breath. We also strengthen the small stabilizing muscles in the body. Towards the end, we land in some restorative deep relaxation positions. In the class, we will also use essential oils to enhance a calming effect and to increase the connection between body, soul and mind.<\/p>\n<p>250 SEK.<\/p>\n<p>Course code to fill in: \u00d6vents<\/p>\n<p>You need to fill in your contact information, but ignore the boxes about the child&#039;s name and room, write x, (we have borrowed the interface from Liding\u00f6 Gymnastikskola).<\/p>","protected":false},"excerpt":{"rendered":"<p>V\u00e4kommen p\u00e5 ett spa f\u00f6r sinnet.<br \/>\nWhen the holidays are over and the semester starts, it can feel good to land. Give yourself the gift of a moment of guided relaxation. The class begins with gentle yoga exercises to let go and dissolve tension in the whole body and create a free flow in the breath. We also strengthen the small stabilizing muscles in the body. Towards the end, we land in some restorative deep relaxation positions. In the class, we will also use essential oils to enhance a calming effect and to increase the connection between body, soul and mind.<\/p>\n<p>Tisdag 16 januari kl 19.30-21.00 i Ansgarskyrkan, Liding\u00f6 Centrum<\/p>\n<p>Ta p\u00e5 dig mjuka kl\u00e4der, mattor och allt annat finns att l\u00e5na.<\/p>\n<p>\u00d6vents adventskalenderavgift 190 kr fram till 21 december (d\u00e4refter ordinarie avgift 250 kr i m\u00e5n av plats)<\/p>\n<p>Course code to fill in: \u00d6vents<\/p>\n<p>Du beh\u00f6ver fylla i dina kontakuppgifter, men ignorera rutorna om barnets namn och sal, skriv x, (vi har l\u00e5nat gr\u00e4nssnittet fr\u00e5n Liding\u00f6 Gymnastikskola).<\/p>","protected":false},"featured_media":3037,"template":"","meta":{"_acf_changed":false},"product_cat":[107],"product_tag":[],"class_list":{"0":"post-4444","1":"product","2":"type-product","3":"status-publish","4":"has-post-thumbnail","6":"product_cat-kurser","8":"first","9":"outofstock","10":"virtual","11":"taxable","12":"purchasable","13":"product-type-simple"},"acf":[],"_links":{"self":[{"href":"https:\/\/sodrastockholm.barnensgymnastikskola.se\/en\/wp-json\/wp\/v2\/product\/4444","targetHints":{"allow":["GET"]}}],"collection":[{"href":"https:\/\/sodrastockholm.barnensgymnastikskola.se\/en\/wp-json\/wp\/v2\/product"}],"about":[{"href":"https:\/\/sodrastockholm.barnensgymnastikskola.se\/en\/wp-json\/wp\/v2\/types\/product"}],"version-history":[{"count":1,"href":"https:\/\/sodrastockholm.barnensgymnastikskola.se\/en\/wp-json\/wp\/v2\/product\/4444\/revisions"}],"predecessor-version":[{"id":4446,"href":"https:\/\/sodrastockholm.barnensgymnastikskola.se\/en\/wp-json\/wp\/v2\/product\/4444\/revisions\/4446"}],"wp:featuredmedia":[{"embeddable":true,"href":"https:\/\/sodrastockholm.barnensgymnastikskola.se\/en\/wp-json\/wp\/v2\/media\/3037"}],"wp:attachment":[{"href":"https:\/\/sodrastockholm.barnensgymnastikskola.se\/en\/wp-json\/wp\/v2\/media?parent=4444"}],"wp:term":[{"taxonomy":"product_cat","embeddable":true,"href":"https:\/\/sodrastockholm.barnensgymnastikskola.se\/en\/wp-json\/wp\/v2\/product_cat?post=4444"},{"taxonomy":"product_tag","embeddable":true,"href":"https:\/\/sodrastockholm.barnensgymnastikskola.se\/en\/wp-json\/wp\/v2\/product_tag?post=4444"}],"curies":[{"name":"wp","href":"https:\/\/api.w.org\/{rel}","templated":true}]}}