{"id":5790,"date":"2018-10-18T13:03:27","date_gmt":"2018-10-18T13:03:27","guid":{"rendered":"\/?post_type=product&#038;p=5790"},"modified":"2019-09-30T11:47:42","modified_gmt":"2019-09-30T11:47:42","slug":"yoga-for-guys-and-couples","status":"publish","type":"product","link":"https:\/\/sodrastockholm.barnensgymnastikskola.se\/en\/shop\/yoga-for-guys-and-couples","title":{"rendered":"Yoga for guys and couples"},"content":{"rendered":"<p>9 november 18.00-19.15<br \/>\nAvgift 240 kr (190 kr f\u00f6r dig som redan g\u00e5r kurs hos oss)<\/p>\n<p>Allt fler m\u00e4n hittar till yogasalarna, men vi vet att \u00e4nnu fler \u00e4r nyfikna, men inte riktigt har kommit sig f\u00f6r att ta steget \u00e4n. Vi vill med varm hand bjuda in till en s\u00e4rskild workshop f\u00f6r att s\u00e4nka ribban f\u00f6r n\u00e5gra fler killar att prova yoga. Du beh\u00f6ver varken kunna n\u00e5 dina t\u00e5r eller st\u00e5 p\u00e5 huvudet, att andas och ha ett \u00f6ppet sinne \u00e4r fullt tillr\u00e4ckligt.<br \/>\nAtt \u00f6ka sin r\u00f6rlighet och kroppsmedvetenhet s\u00e5 v\u00e4l som att f\u00e5 verktyg f\u00f6r stresshantering och personlig utveckling \u00e4r s\u00e5dant som alla beh\u00f6ver<br \/>\nS\u00e5 fredagen den 9 november 18.00-19.15 v\u00e4lkomnar vi killar, med eller utan s\u00e4llskap av en tjej, till oss p\u00e5 en After Week Yoga! Vi ska ha fler killar \u00e4n tjejer i salen, s\u00e5 killar \u00e4r v\u00e4lkomna att anm\u00e4la sig sj\u00e4lva, medan tjejer bara kan komma i s\u00e4llskap med en kille, s\u00e5 om du \u00e4r tjej och sugen p\u00e5 fredagsyoga, ta med din partner, arbetskamrat, bror, pappa eller ton\u00e5rsson!<\/p>","protected":false},"excerpt":{"rendered":"<p>9 november 18.00-19.15<br \/>\nAvgift 240 kr (190 kr f\u00f6r dig som redan g\u00e5r kurs hos oss)<\/p>\n<p>Allt fler m\u00e4n hittar till yogasalarna, men vi vet att \u00e4nnu fler \u00e4r nyfikna, men inte riktigt har kommit sig f\u00f6r att ta steget \u00e4n. Vi vill med varm hand bjuda in till en s\u00e4rskild workshop f\u00f6r att s\u00e4nka ribban f\u00f6r n\u00e5gra fler killar att prova yoga. Du beh\u00f6ver varken kunna n\u00e5 dina t\u00e5r eller st\u00e5 p\u00e5 huvudet, att andas och ha ett \u00f6ppet sinne \u00e4r fullt tillr\u00e4ckligt.<br \/>\nAtt \u00f6ka sin r\u00f6rlighet och kroppsmedvetenhet s\u00e5 v\u00e4l som att f\u00e5 verktyg f\u00f6r stresshantering och personlig utveckling \u00e4r s\u00e5dant som alla beh\u00f6ver<br \/>\nS\u00e5 fredagen den 9 november 18.00-19.15 v\u00e4lkomnar vi killar, med eller utan s\u00e4llskap av en tjej, till oss p\u00e5 en After Week Yoga! Vi ska ha fler killar \u00e4n tjejer i salen, s\u00e5 killar \u00e4r v\u00e4lkomna att anm\u00e4la sig sj\u00e4lva, medan tjejer bara kan komma i s\u00e4llskap med en kille, s\u00e5 om du \u00e4r tjej och sugen p\u00e5 fredagsyoga, ta med din partner, arbetskamrat, bror, pappa eller ton\u00e5rsson!<\/p>","protected":false},"featured_media":5793,"template":"","meta":{"_acf_changed":false},"product_cat":[107],"product_tag":[],"class_list":{"0":"post-5790","1":"product","2":"type-product","3":"status-publish","4":"has-post-thumbnail","6":"product_cat-kurser","8":"first","9":"instock","10":"taxable","11":"shipping-taxable","12":"purchasable","13":"product-type-simple"},"acf":[],"_links":{"self":[{"href":"https:\/\/sodrastockholm.barnensgymnastikskola.se\/en\/wp-json\/wp\/v2\/product\/5790","targetHints":{"allow":["GET"]}}],"collection":[{"href":"https:\/\/sodrastockholm.barnensgymnastikskola.se\/en\/wp-json\/wp\/v2\/product"}],"about":[{"href":"https:\/\/sodrastockholm.barnensgymnastikskola.se\/en\/wp-json\/wp\/v2\/types\/product"}],"version-history":[{"count":1,"href":"https:\/\/sodrastockholm.barnensgymnastikskola.se\/en\/wp-json\/wp\/v2\/product\/5790\/revisions"}],"predecessor-version":[{"id":5840,"href":"https:\/\/sodrastockholm.barnensgymnastikskola.se\/en\/wp-json\/wp\/v2\/product\/5790\/revisions\/5840"}],"wp:featuredmedia":[{"embeddable":true,"href":"https:\/\/sodrastockholm.barnensgymnastikskola.se\/en\/wp-json\/wp\/v2\/media\/5793"}],"wp:attachment":[{"href":"https:\/\/sodrastockholm.barnensgymnastikskola.se\/en\/wp-json\/wp\/v2\/media?parent=5790"}],"wp:term":[{"taxonomy":"product_cat","embeddable":true,"href":"https:\/\/sodrastockholm.barnensgymnastikskola.se\/en\/wp-json\/wp\/v2\/product_cat?post=5790"},{"taxonomy":"product_tag","embeddable":true,"href":"https:\/\/sodrastockholm.barnensgymnastikskola.se\/en\/wp-json\/wp\/v2\/product_tag?post=5790"}],"curies":[{"name":"wp","href":"https:\/\/api.w.org\/{rel}","templated":true}]}}