{"id":9502,"date":"2017-02-28T23:00:50","date_gmt":"2017-02-28T23:00:50","guid":{"rendered":"\/?post_type=product&#038;p=9502"},"modified":"2022-10-24T09:48:38","modified_gmt":"2022-10-24T09:48:38","slug":"gymnastikdrakt-i-slat-sammet-bla-guld-special-edition","status":"publish","type":"product","link":"https:\/\/sodrastockholm.barnensgymnastikskola.se\/en\/shop\/gymnastikdrakt-i-slat-sammet-bla-guld-special-edition","title":{"rendered":"Gymnastics leotard in smooth velvet blue-gold long sleeves"},"content":{"rendered":"<p class=\"p1\"><span class=\"s1\">V\u00e5r egen gymnastikdr\u00e4kt i sl\u00e4t sammet. Denna dr\u00e4kt \u00e4r exklusiv f\u00f6r de barn som tr\u00e4nar i v\u00e5ra 80-minutersgrupper.\u00a0<\/span><\/p>\n<p class=\"p1\"><span class=\"s1\">Finns i storlekarna 158cl<\/span><span class=\"s1\"> &#8211; S<\/span><span class=\"s1\">. If your child is between two sizes, choose the larger one.<\/span><\/p>","protected":false},"excerpt":{"rendered":"<p class=\"p1\"><span class=\"s1\">V\u00e5r egen gymnastikdr\u00e4kt i sl\u00e4t sammet. V\u00e5r egen gymnastikdr\u00e4kt i sl\u00e4t sammet. Denna dr\u00e4kt \u00e4r exklusiv f\u00f6r de barn som tr\u00e4nar i v\u00e5ra 80-minutersgrupper.\u00a0<\/span><\/p>\n<p class=\"p1\"><span class=\"s1\">Finns i storlekarna 158cl<\/span><span class=\"s1\"> &#8211; S<\/span><span class=\"s1\">. If your child is between two sizes, choose the larger one.<\/span><\/p>","protected":false},"featured_media":9900,"template":"","meta":{"_acf_changed":false},"product_cat":[105],"product_tag":[],"class_list":{"0":"post-9502","1":"product","2":"type-product","3":"status-publish","4":"has-post-thumbnail","6":"product_cat-varor","7":"pa_storlek-146-cl","8":"pa_storlek-158-cl","9":"pa_storlek-170-cl","10":"pa_storlek-s","12":"first","13":"outofstock","14":"taxable","15":"shipping-taxable","16":"purchasable","17":"product-type-variable"},"acf":[],"_links":{"self":[{"href":"https:\/\/sodrastockholm.barnensgymnastikskola.se\/en\/wp-json\/wp\/v2\/product\/9502","targetHints":{"allow":["GET"]}}],"collection":[{"href":"https:\/\/sodrastockholm.barnensgymnastikskola.se\/en\/wp-json\/wp\/v2\/product"}],"about":[{"href":"https:\/\/sodrastockholm.barnensgymnastikskola.se\/en\/wp-json\/wp\/v2\/types\/product"}],"version-history":[{"count":1,"href":"https:\/\/sodrastockholm.barnensgymnastikskola.se\/en\/wp-json\/wp\/v2\/product\/9502\/revisions"}],"predecessor-version":[{"id":9531,"href":"https:\/\/sodrastockholm.barnensgymnastikskola.se\/en\/wp-json\/wp\/v2\/product\/9502\/revisions\/9531"}],"wp:featuredmedia":[{"embeddable":true,"href":"https:\/\/sodrastockholm.barnensgymnastikskola.se\/en\/wp-json\/wp\/v2\/media\/9900"}],"wp:attachment":[{"href":"https:\/\/sodrastockholm.barnensgymnastikskola.se\/en\/wp-json\/wp\/v2\/media?parent=9502"}],"wp:term":[{"taxonomy":"product_cat","embeddable":true,"href":"https:\/\/sodrastockholm.barnensgymnastikskola.se\/en\/wp-json\/wp\/v2\/product_cat?post=9502"},{"taxonomy":"product_tag","embeddable":true,"href":"https:\/\/sodrastockholm.barnensgymnastikskola.se\/en\/wp-json\/wp\/v2\/product_tag?post=9502"}],"curies":[{"name":"wp","href":"https:\/\/api.w.org\/{rel}","templated":true}]}}